{"id":1073,"date":"2026-03-09T10:05:20","date_gmt":"2026-03-09T10:05:20","guid":{"rendered":"https:\/\/leroyaumedescuriosites.fr\/?page_id=1073"},"modified":"2026-03-09T10:13:52","modified_gmt":"2026-03-09T10:13:52","slug":"curiosites","status":"publish","type":"page","link":"https:\/\/leroyaumedescuriosites.fr\/index.php\/curiosites\/","title":{"rendered":"Curiosit\u00e9s"},"content":{"rendered":"\t\t<div data-elementor-type=\"wp-page\" data-elementor-id=\"1073\" class=\"elementor elementor-1073\" data-elementor-post-type=\"page\">\n\t\t\t\t<div class=\"elementor-element elementor-element-176851d e-flex e-con-boxed e-con e-parent\" data-id=\"176851d\" data-element_type=\"container\" data-e-type=\"container\">\n\t\t\t\t\t<div class=\"e-con-inner\">\n\t\t\t\t<div class=\"elementor-element elementor-element-29d9019 elementor-widget elementor-widget-heading\" data-id=\"29d9019\" data-element_type=\"widget\" data-e-type=\"widget\" data-widget_type=\"heading.default\">\n\t\t\t\t\t<h2 class=\"elementor-heading-title elementor-size-default\">\u00c0 d\u00e9couvrir bient\u00f4t<\/h2>\t\t\t\t<\/div>\n\t\t\t\t\t<\/div>\n\t\t\t\t<\/div>\n\t\t\t\t<\/div>\n\t\t","protected":false},"excerpt":{"rendered":"<p>\u00c0 d\u00e9couvrir bient\u00f4t<\/p>\n","protected":false},"author":1,"featured_media":0,"parent":0,"menu_order":0,"comment_status":"closed","ping_status":"closed","template":"","meta":{"footnotes":""},"class_list":["post-1073","page","type-page","status-publish","hentry"],"_links":{"self":[{"href":"https:\/\/leroyaumedescuriosites.fr\/index.php\/wp-json\/wp\/v2\/pages\/1073","targetHints":{"allow":["GET"]}}],"collection":[{"href":"https:\/\/leroyaumedescuriosites.fr\/index.php\/wp-json\/wp\/v2\/pages"}],"about":[{"href":"https:\/\/leroyaumedescuriosites.fr\/index.php\/wp-json\/wp\/v2\/types\/page"}],"author":[{"embeddable":true,"href":"https:\/\/leroyaumedescuriosites.fr\/index.php\/wp-json\/wp\/v2\/users\/1"}],"replies":[{"embeddable":true,"href":"https:\/\/leroyaumedescuriosites.fr\/index.php\/wp-json\/wp\/v2\/comments?post=1073"}],"version-history":[{"count":7,"href":"https:\/\/leroyaumedescuriosites.fr\/index.php\/wp-json\/wp\/v2\/pages\/1073\/revisions"}],"predecessor-version":[{"id":1081,"href":"https:\/\/leroyaumedescuriosites.fr\/index.php\/wp-json\/wp\/v2\/pages\/1073\/revisions\/1081"}],"wp:attachment":[{"href":"https:\/\/leroyaumedescuriosites.fr\/index.php\/wp-json\/wp\/v2\/media?parent=1073"}],"curies":[{"name":"wp","href":"https:\/\/api.w.org\/{rel}","templated":true}]}}