{"id":36,"date":"2025-09-16T08:43:42","date_gmt":"2025-09-16T08:43:42","guid":{"rendered":"http:\/\/leroyaumedescuriosites.fr\/?page_id=36"},"modified":"2026-03-09T15:30:25","modified_gmt":"2026-03-09T15:30:25","slug":"mini-mondes","status":"publish","type":"page","link":"https:\/\/leroyaumedescuriosites.fr\/index.php\/mini-mondes\/","title":{"rendered":"Mini-Mondes"},"content":{"rendered":"\t\t<div data-elementor-type=\"wp-page\" data-elementor-id=\"36\" class=\"elementor elementor-36\" data-elementor-post-type=\"page\">\n\t\t\t\t<div class=\"elementor-element elementor-element-30e4862 e-flex e-con-boxed e-con e-parent\" data-id=\"30e4862\" data-element_type=\"container\" data-e-type=\"container\">\n\t\t\t\t\t<div class=\"e-con-inner\">\n\t\t\t\t<div class=\"elementor-element elementor-element-fdf565e elementor-widget elementor-widget-heading\" data-id=\"fdf565e\" data-element_type=\"widget\" data-e-type=\"widget\" data-widget_type=\"heading.default\">\n\t\t\t\t\t<h2 class=\"elementor-heading-title elementor-size-default\">Mini-mondes<\/h2>\t\t\t\t<\/div>\n\t\t\t\t<div class=\"elementor-element elementor-element-9ef11fe elementor-widget elementor-widget-text-editor\" data-id=\"9ef11fe\" data-element_type=\"widget\" data-e-type=\"widget\" data-widget_type=\"text-editor.default\">\n\t\t\t\t\t\t\t\t\t<p>Laissez vous guider. D\u00e9couvrez nos boites de curiosit\u00e9s<\/p>\t\t\t\t\t\t\t\t<\/div>\n\t\t\t\t<div class=\"elementor-element elementor-element-4605ac5 elementor-widget elementor-widget-image\" data-id=\"4605ac5\" data-element_type=\"widget\" data-e-type=\"widget\" data-widget_type=\"image.default\">\n\t\t\t\t\t\t\t\t\t\t\t\t\t\t\t<img decoding=\"async\" width=\"215\" height=\"215\" src=\"https:\/\/leroyaumedescuriosites.fr\/wp-content\/uploads\/2025\/09\/ba2bb6bbe6c7b730fe02446ca9ee20fa.png\" class=\"attachment-large size-large wp-image-685\" alt=\"\" srcset=\"https:\/\/leroyaumedescuriosites.fr\/wp-content\/uploads\/2025\/09\/ba2bb6bbe6c7b730fe02446ca9ee20fa.png 215w, https:\/\/leroyaumedescuriosites.fr\/wp-content\/uploads\/2025\/09\/ba2bb6bbe6c7b730fe02446ca9ee20fa-150x150.png 150w, https:\/\/leroyaumedescuriosites.fr\/wp-content\/uploads\/2025\/09\/ba2bb6bbe6c7b730fe02446ca9ee20fa-100x100.png 100w\" sizes=\"(max-width: 215px) 100vw, 215px\" \/>\t\t\t\t\t\t\t\t\t\t\t\t\t\t\t<\/div>\n\t\t\t\t\t<\/div>\n\t\t\t\t<\/div>\n\t\t<div class=\"elementor-element elementor-element-3f9e05c7 e-flex e-con-boxed e-con e-parent\" data-id=\"3f9e05c7\" data-element_type=\"container\" data-e-type=\"container\">\n\t\t\t\t\t<div class=\"e-con-inner\">\n\t\t<div class=\"elementor-element elementor-element-8ac0d46 e-con-full e-flex e-con e-child\" data-id=\"8ac0d46\" data-element_type=\"container\" data-e-type=\"container\">\n\t\t\t\t<div class=\"elementor-element elementor-element-47c89c7d elementor-nav-menu__align-start uce-cursor-enabled-yes elementor-nav-menu--dropdown-tablet elementor-nav-menu__text-align-aside elementor-widget elementor-widget-nav-menu\" data-id=\"47c89c7d\" data-element_type=\"widget\" data-e-type=\"widget\" data-settings=\"{&quot;layout&quot;:&quot;vertical&quot;,&quot;submenu_icon&quot;:{&quot;value&quot;:&quot;&lt;i class=\\&quot;\\&quot;&gt;&lt;\\\/i&gt;&quot;,&quot;library&quot;:&quot;&quot;},&quot;ultimate_cursor_show&quot;:&quot;yes&quot;,&quot;ultimate_cursor_source&quot;:&quot;default&quot;,&quot;ultimate_cursor_style&quot;:&quot;ep-cursor-style-1&quot;,&quot;ultimate_cursor_speed&quot;:{&quot;unit&quot;:&quot;px&quot;,&quot;size&quot;:0.075,&quot;sizes&quot;:[]}}\" data-widget_type=\"nav-menu.default\">\n\t\t\t\t\t\t\t\t<nav aria-label=\"Menu\" class=\"elementor-nav-menu--main elementor-nav-menu__container elementor-nav-menu--layout-vertical e--pointer-double-line e--animation-none\">\n\t\t\t\t<ul id=\"menu-1-47c89c7d\" class=\"elementor-nav-menu sm-vertical\"><li class=\"menu-item menu-item-type-post_type menu-item-object-page menu-item-746\"><a href=\"https:\/\/leroyaumedescuriosites.fr\/index.php\/mini-mondes\/\" class=\"elementor-item\">Mini-Mondes<\/a><\/li>\n<li class=\"menu-item menu-item-type-post_type menu-item-object-page menu-item-745\"><a href=\"https:\/\/leroyaumedescuriosites.fr\/index.php\/art-et-talismans\/\" class=\"elementor-item\">Art et Talismans<\/a><\/li>\n<li class=\"menu-item menu-item-type-post_type menu-item-object-page menu-item-1114\"><a href=\"https:\/\/leroyaumedescuriosites.fr\/index.php\/curiosites\/\" class=\"elementor-item\">Curiosit\u00e9s<\/a><\/li>\n<\/ul>\t\t\t<\/nav>\n\t\t\t\t\t\t<nav class=\"elementor-nav-menu--dropdown elementor-nav-menu__container\" aria-hidden=\"true\">\n\t\t\t\t<ul id=\"menu-2-47c89c7d\" class=\"elementor-nav-menu sm-vertical\"><li class=\"menu-item menu-item-type-post_type menu-item-object-page menu-item-746\"><a href=\"https:\/\/leroyaumedescuriosites.fr\/index.php\/mini-mondes\/\" class=\"elementor-item\" tabindex=\"-1\">Mini-Mondes<\/a><\/li>\n<li class=\"menu-item menu-item-type-post_type menu-item-object-page menu-item-745\"><a href=\"https:\/\/leroyaumedescuriosites.fr\/index.php\/art-et-talismans\/\" class=\"elementor-item\" tabindex=\"-1\">Art et Talismans<\/a><\/li>\n<li class=\"menu-item menu-item-type-post_type menu-item-object-page menu-item-1114\"><a href=\"https:\/\/leroyaumedescuriosites.fr\/index.php\/curiosites\/\" class=\"elementor-item\" tabindex=\"-1\">Curiosit\u00e9s<\/a><\/li>\n<\/ul>\t\t\t<\/nav>\n\t\t\t\t\t\t<\/div>\n\t\t\t\t<\/div>\n\t\t<div class=\"elementor-element elementor-element-35bd2a85 e-con-full e-grid e-con e-child\" data-id=\"35bd2a85\" data-element_type=\"container\" data-e-type=\"container\">\n\t\t\t\t<div class=\"elementor-element elementor-element-780aa9b elementor-widget elementor-widget-text-editor\" data-id=\"780aa9b\" data-element_type=\"widget\" data-e-type=\"widget\" data-widget_type=\"text-editor.default\">\n\t\t\t\t\t\t\t\t\t<p><strong>Voyagez au c\u0153ur de nos collections.<\/strong><\/p><p>Bienvenue dans LES GALERIES du ROYAUME des Curiosit\u00e9s, un lieu o\u00f9 l\u2019on ne contemple pas simplement des objets, mais des fragments d\u2019\u00e2me, fa\u00e7onn\u00e9s avec intention.<br \/>Ici, chaque cr\u00e9ation est une rencontre. Chaque collection, une porte entrouverte sur un monde int\u00e9rieur pour sublimer votre quotidien et r\u00e9v\u00e9ler votre singularit\u00e9.<\/p>\t\t\t\t\t\t\t\t<\/div>\n\t\t\t\t<div class=\"elementor-element elementor-element-9ee6a1d elementor-widget elementor-widget-text-editor\" data-id=\"9ee6a1d\" data-element_type=\"widget\" data-e-type=\"widget\" data-widget_type=\"text-editor.default\">\n\t\t\t\t\t\t\t\t\t<p><strong>Une exp\u00e9rience \u00e0 part enti\u00e8re.<\/strong><br \/><br \/>Chaque collection est pens\u00e9e comme une invitation au rituel\u00a0: celui de choisir une pi\u00e8ce qui vous parle, qui vous attire, qui vous appelle. En p\u00e9n\u00e9trant dans nos galeries, vous ne parcourez pas un simple catalogue, vous entrez dans un monde o\u00f9 chaque cr\u00e9ation a une \u00e2me, un sens, une histoire.<\/p>\t\t\t\t\t\t\t\t<\/div>\n\t\t\t\t<div class=\"elementor-element elementor-element-c0bbe53 elementor-widget elementor-widget-image\" data-id=\"c0bbe53\" data-element_type=\"widget\" data-e-type=\"widget\" data-widget_type=\"image.default\">\n\t\t\t\t\t\t\t\t\t\t\t\t\t\t\t<img fetchpriority=\"high\" decoding=\"async\" width=\"800\" height=\"800\" src=\"https:\/\/leroyaumedescuriosites.fr\/wp-content\/uploads\/2025\/09\/Fichier-6.png\" class=\"attachment-large size-large wp-image-115\" alt=\"\" srcset=\"https:\/\/leroyaumedescuriosites.fr\/wp-content\/uploads\/2025\/09\/Fichier-6.png 903w, https:\/\/leroyaumedescuriosites.fr\/wp-content\/uploads\/2025\/09\/Fichier-6-300x300.png 300w, https:\/\/leroyaumedescuriosites.fr\/wp-content\/uploads\/2025\/09\/Fichier-6-100x100.png 100w, https:\/\/leroyaumedescuriosites.fr\/wp-content\/uploads\/2025\/09\/Fichier-6-600x600.png 600w, https:\/\/leroyaumedescuriosites.fr\/wp-content\/uploads\/2025\/09\/Fichier-6-150x150.png 150w, https:\/\/leroyaumedescuriosites.fr\/wp-content\/uploads\/2025\/09\/Fichier-6-768x768.png 768w\" sizes=\"(max-width: 800px) 100vw, 800px\" \/>\t\t\t\t\t\t\t\t\t\t\t\t\t\t\t<\/div>\n\t\t\t\t<\/div>\n\t\t\t\t\t<\/div>\n\t\t\t\t<\/div>\n\t\t<div class=\"elementor-element elementor-element-46bf018 e-flex e-con-boxed e-con e-parent\" data-id=\"46bf018\" data-element_type=\"container\" data-e-type=\"container\">\n\t\t\t\t\t<div class=\"e-con-inner\">\n\t\t<div class=\"elementor-element elementor-element-2576939 e-con-full e-flex e-con e-child\" data-id=\"2576939\" data-element_type=\"container\" data-e-type=\"container\">\n\t\t\t\t<\/div>\n\t\t<div class=\"elementor-element elementor-element-9cb107c e-con-full e-grid e-con e-child\" data-id=\"9cb107c\" data-element_type=\"container\" data-e-type=\"container\">\n\t\t\t\t<div class=\"elementor-element elementor-element-061b6a0 elementor-widget elementor-widget-text-editor\" data-id=\"061b6a0\" data-element_type=\"widget\" data-e-type=\"widget\" data-widget_type=\"text-editor.default\">\n\t\t\t\t\t\t\t\t\t<p>Bo\u00eetes de curiosit\u00e9s compos\u00e9es d\u2019objets rares, \u00e9tranges ou po\u00e9tiques, s\u00e9lectionn\u00e9s pour surprendre et \u00e9merveiller.<\/p>\t\t\t\t\t\t\t\t<\/div>\n\t\t<div class=\"elementor-element elementor-element-84c67f9 e-con-full e-flex e-con e-child\" data-id=\"84c67f9\" data-element_type=\"container\" data-e-type=\"container\">\n\t\t\t\t<div class=\"elementor-element elementor-element-c6e4467 elementor-grid-3 elementor-product-loop-item--align-center elementor-grid-tablet-3 elementor-grid-mobile-2 elementor-products-grid elementor-wc-products elementor-widget elementor-widget-woocommerce-products\" data-id=\"c6e4467\" data-element_type=\"widget\" data-e-type=\"widget\" data-widget_type=\"woocommerce-products.default\">\n\t\t\t\t<div class=\"elementor-widget-container\">\n\t\t\t\t\t<div class=\"woocommerce columns-3 \"><ul class=\"products elementor-grid columns-3\">\n<li class=\"product type-product post-1082 status-publish first instock product_cat-boites-de-curiosites product_cat-il-etait-une-fois has-post-thumbnail shipping-taxable purchasable product-type-simple\">\n\t<a href=\"https:\/\/leroyaumedescuriosites.fr\/index.php\/product\/le-coffret-de-baker-street\/\" class=\"woocommerce-LoopProduct-link woocommerce-loop-product__link\"><img decoding=\"async\" width=\"300\" height=\"300\" src=\"https:\/\/leroyaumedescuriosites.fr\/wp-content\/uploads\/2026\/03\/Photo-de-couverture-300x300.jpg\" class=\"attachment-woocommerce_thumbnail size-woocommerce_thumbnail\" alt=\"Le Coffret de Baker Street\" srcset=\"https:\/\/leroyaumedescuriosites.fr\/wp-content\/uploads\/2026\/03\/Photo-de-couverture-300x300.jpg 300w, https:\/\/leroyaumedescuriosites.fr\/wp-content\/uploads\/2026\/03\/Photo-de-couverture-150x150.jpg 150w, https:\/\/leroyaumedescuriosites.fr\/wp-content\/uploads\/2026\/03\/Photo-de-couverture-700x700.jpg 700w, https:\/\/leroyaumedescuriosites.fr\/wp-content\/uploads\/2026\/03\/Photo-de-couverture-100x100.jpg 100w\" sizes=\"(max-width: 300px) 100vw, 300px\" \/><h2 class=\"woocommerce-loop-product__title\">Le Coffret de Baker Street<\/h2>\n\t<span class=\"price\"><span class=\"woocommerce-Price-amount amount\"><bdi>39,00&nbsp;<span class=\"woocommerce-Price-currencySymbol\">&euro;<\/span><\/bdi><\/span><\/span>\n<\/a><a href=\"https:\/\/leroyaumedescuriosites.fr\/index.php\/product\/le-coffret-de-baker-street\/\" aria-describedby=\"woocommerce_loop_add_to_cart_link_describedby_1082\" data-quantity=\"1\" class=\"button product_type_simple add_to_cart_button\" data-product_id=\"1082\" data-product_sku=\"\" aria-label=\"Ajouter au panier\u00a0: &ldquo;Le Coffret de Baker Street&rdquo;\" rel=\"nofollow\" data-success_message=\"\u00ab\u00a0Le Coffret de Baker Street\u00a0\u00bb a \u00e9t\u00e9 ajout\u00e9 \u00e0 votre panier\">S\u00e9lectionner les options<\/a>\t<span id=\"woocommerce_loop_add_to_cart_link_describedby_1082\" class=\"screen-reader-text\">\n\t\t\t<\/span>\n<\/li>\n<li class=\"product type-product post-1096 status-publish instock product_cat-boites-de-curiosites product_cat-il-etait-une-fois has-post-thumbnail shipping-taxable purchasable product-type-simple\">\n\t<a href=\"https:\/\/leroyaumedescuriosites.fr\/index.php\/product\/le-cabinet-des-savoirs-perdus\/\" class=\"woocommerce-LoopProduct-link woocommerce-loop-product__link\"><img loading=\"lazy\" decoding=\"async\" width=\"300\" height=\"300\" src=\"https:\/\/leroyaumedescuriosites.fr\/wp-content\/uploads\/2026\/03\/Photo-de-couverture-1-300x300.jpg\" class=\"attachment-woocommerce_thumbnail size-woocommerce_thumbnail\" alt=\"Le Cabinet des Savoirs Perdus\" srcset=\"https:\/\/leroyaumedescuriosites.fr\/wp-content\/uploads\/2026\/03\/Photo-de-couverture-1-300x300.jpg 300w, https:\/\/leroyaumedescuriosites.fr\/wp-content\/uploads\/2026\/03\/Photo-de-couverture-1-150x150.jpg 150w, https:\/\/leroyaumedescuriosites.fr\/wp-content\/uploads\/2026\/03\/Photo-de-couverture-1-700x700.jpg 700w, https:\/\/leroyaumedescuriosites.fr\/wp-content\/uploads\/2026\/03\/Photo-de-couverture-1-100x100.jpg 100w\" sizes=\"(max-width: 300px) 100vw, 300px\" \/><h2 class=\"woocommerce-loop-product__title\">Le Cabinet des Savoirs Perdus<\/h2>\n\t<span class=\"price\"><span class=\"woocommerce-Price-amount amount\"><bdi>39,00&nbsp;<span class=\"woocommerce-Price-currencySymbol\">&euro;<\/span><\/bdi><\/span><\/span>\n<\/a><a href=\"https:\/\/leroyaumedescuriosites.fr\/index.php\/product\/le-cabinet-des-savoirs-perdus\/\" aria-describedby=\"woocommerce_loop_add_to_cart_link_describedby_1096\" data-quantity=\"1\" class=\"button product_type_simple add_to_cart_button\" data-product_id=\"1096\" data-product_sku=\"\" aria-label=\"Ajouter au panier\u00a0: &ldquo;Le Cabinet des Savoirs Perdus&rdquo;\" rel=\"nofollow\" data-success_message=\"\u00ab\u00a0Le Cabinet des Savoirs Perdus\u00a0\u00bb a \u00e9t\u00e9 ajout\u00e9 \u00e0 votre panier\">S\u00e9lectionner les options<\/a>\t<span id=\"woocommerce_loop_add_to_cart_link_describedby_1096\" class=\"screen-reader-text\">\n\t\t\t<\/span>\n<\/li>\n<li class=\"product type-product post-1102 status-publish last instock product_cat-boites-de-curiosites product_cat-il-etait-une-fois has-post-thumbnail shipping-taxable purchasable product-type-simple\">\n\t<a href=\"https:\/\/leroyaumedescuriosites.fr\/index.php\/product\/la-saison-des-thes-oublies\/\" class=\"woocommerce-LoopProduct-link woocommerce-loop-product__link\"><img loading=\"lazy\" decoding=\"async\" width=\"300\" height=\"300\" src=\"https:\/\/leroyaumedescuriosites.fr\/wp-content\/uploads\/2026\/03\/Photo-de-couverture-2-300x300.jpg\" class=\"attachment-woocommerce_thumbnail size-woocommerce_thumbnail\" alt=\"La Saison des Th\u00e9s Oubli\u00e9s\" srcset=\"https:\/\/leroyaumedescuriosites.fr\/wp-content\/uploads\/2026\/03\/Photo-de-couverture-2-300x300.jpg 300w, https:\/\/leroyaumedescuriosites.fr\/wp-content\/uploads\/2026\/03\/Photo-de-couverture-2-150x150.jpg 150w, https:\/\/leroyaumedescuriosites.fr\/wp-content\/uploads\/2026\/03\/Photo-de-couverture-2-700x700.jpg 700w, https:\/\/leroyaumedescuriosites.fr\/wp-content\/uploads\/2026\/03\/Photo-de-couverture-2-100x100.jpg 100w\" sizes=\"(max-width: 300px) 100vw, 300px\" \/><h2 class=\"woocommerce-loop-product__title\">La Saison des Th\u00e9s Oubli\u00e9s<\/h2>\n\t<span class=\"price\"><span class=\"woocommerce-Price-amount amount\"><bdi>39,00&nbsp;<span class=\"woocommerce-Price-currencySymbol\">&euro;<\/span><\/bdi><\/span><\/span>\n<\/a><a href=\"https:\/\/leroyaumedescuriosites.fr\/index.php\/product\/la-saison-des-thes-oublies\/\" aria-describedby=\"woocommerce_loop_add_to_cart_link_describedby_1102\" data-quantity=\"1\" class=\"button product_type_simple add_to_cart_button\" data-product_id=\"1102\" data-product_sku=\"\" aria-label=\"Ajouter au panier\u00a0: &ldquo;La Saison des Th\u00e9s Oubli\u00e9s&rdquo;\" rel=\"nofollow\" data-success_message=\"\u00ab\u00a0La Saison des Th\u00e9s Oubli\u00e9s\u00a0\u00bb a \u00e9t\u00e9 ajout\u00e9 \u00e0 votre panier\">S\u00e9lectionner les options<\/a>\t<span id=\"woocommerce_loop_add_to_cart_link_describedby_1102\" class=\"screen-reader-text\">\n\t\t\t<\/span>\n<\/li>\n<\/ul>\n<\/div>\t\t\t\t<\/div>\n\t\t\t\t<\/div>\n\t\t\t\t<div class=\"elementor-element elementor-element-2686259 elementor-widget elementor-widget-text-editor\" data-id=\"2686259\" data-element_type=\"widget\" data-e-type=\"widget\" data-widget_type=\"text-editor.default\">\n\t\t\t\t\t\t\t\t\t<p>\u00ab\u00a0Il n\u2019est point d\u2019art plus noble que d\u2019\u00eatre pleinement soi, contre les courants et les temps.\u00a0\u00bb<\/p><p><span style=\"font-family: arial, helvetica, sans-serif;\">Sagesse du Royaume<\/span><\/p>\t\t\t\t\t\t\t\t<\/div>\n\t\t\t\t<\/div>\n\t\t\t\t<\/div>\n\t\t\t\t\t<\/div>\n\t\t\t\t<\/div>\n\t\t<div class=\"elementor-element elementor-element-50f9ab6 e-flex e-con-boxed e-con e-parent\" data-id=\"50f9ab6\" data-element_type=\"container\" data-e-type=\"container\">\n\t\t\t\t\t<div class=\"e-con-inner\">\n\t\t\t\t\t<\/div>\n\t\t\t\t<\/div>\n\t\t\t\t<\/div>\n\t\t","protected":false},"excerpt":{"rendered":"<p>Mini-mondes Laissez vous guider. D\u00e9couvrez nos boites de curiosit\u00e9s Voyagez au c\u0153ur de nos collections. Bienvenue dans LES GALERIES du ROYAUME des Curiosit\u00e9s, un lieu o\u00f9 l\u2019on ne contemple pas simplement des objets, mais des fragments d\u2019\u00e2me, fa\u00e7onn\u00e9s avec intention.Ici, chaque cr\u00e9ation est une rencontre. Chaque collection, une porte entrouverte sur un monde int\u00e9rieur pour [&hellip;]<\/p>\n","protected":false},"author":1,"featured_media":0,"parent":0,"menu_order":0,"comment_status":"closed","ping_status":"closed","template":"","meta":{"footnotes":""},"class_list":["post-36","page","type-page","status-publish","hentry"],"_links":{"self":[{"href":"https:\/\/leroyaumedescuriosites.fr\/index.php\/wp-json\/wp\/v2\/pages\/36","targetHints":{"allow":["GET"]}}],"collection":[{"href":"https:\/\/leroyaumedescuriosites.fr\/index.php\/wp-json\/wp\/v2\/pages"}],"about":[{"href":"https:\/\/leroyaumedescuriosites.fr\/index.php\/wp-json\/wp\/v2\/types\/page"}],"author":[{"embeddable":true,"href":"https:\/\/leroyaumedescuriosites.fr\/index.php\/wp-json\/wp\/v2\/users\/1"}],"replies":[{"embeddable":true,"href":"https:\/\/leroyaumedescuriosites.fr\/index.php\/wp-json\/wp\/v2\/comments?post=36"}],"version-history":[{"count":50,"href":"https:\/\/leroyaumedescuriosites.fr\/index.php\/wp-json\/wp\/v2\/pages\/36\/revisions"}],"predecessor-version":[{"id":1127,"href":"https:\/\/leroyaumedescuriosites.fr\/index.php\/wp-json\/wp\/v2\/pages\/36\/revisions\/1127"}],"wp:attachment":[{"href":"https:\/\/leroyaumedescuriosites.fr\/index.php\/wp-json\/wp\/v2\/media?parent=36"}],"curies":[{"name":"wp","href":"https:\/\/api.w.org\/{rel}","templated":true}]}}