{"id":38,"date":"2025-09-16T08:43:57","date_gmt":"2025-09-16T08:43:57","guid":{"rendered":"http:\/\/leroyaumedescuriosites.fr\/?page_id=38"},"modified":"2026-03-09T15:34:13","modified_gmt":"2026-03-09T15:34:13","slug":"art-et-talismans","status":"publish","type":"page","link":"https:\/\/leroyaumedescuriosites.fr\/index.php\/art-et-talismans\/","title":{"rendered":"Art et talismans"},"content":{"rendered":"\t\t<div data-elementor-type=\"wp-page\" data-elementor-id=\"38\" class=\"elementor elementor-38\" data-elementor-post-type=\"page\">\n\t\t\t\t<div class=\"elementor-element elementor-element-33bc7fea e-flex e-con-boxed e-con e-parent\" data-id=\"33bc7fea\" data-element_type=\"container\" data-e-type=\"container\">\n\t\t\t\t\t<div class=\"e-con-inner\">\n\t\t\t\t<div class=\"elementor-element elementor-element-2698ddad elementor-widget elementor-widget-heading\" data-id=\"2698ddad\" data-element_type=\"widget\" data-e-type=\"widget\" data-widget_type=\"heading.default\">\n\t\t\t\t\t<h2 class=\"elementor-heading-title elementor-size-default\">Art et talismans<\/h2>\t\t\t\t<\/div>\n\t\t\t\t<div class=\"elementor-element elementor-element-3dd2ccc6 elementor-widget elementor-widget-text-editor\" data-id=\"3dd2ccc6\" data-element_type=\"widget\" data-e-type=\"widget\" data-widget_type=\"text-editor.default\">\n\t\t\t\t\t\t\t\t\t<p>Tr\u00e9sors singuliers \u00e0 d\u00e9couvrir<\/p>\t\t\t\t\t\t\t\t<\/div>\n\t\t\t\t<div class=\"elementor-element elementor-element-d0a2ce0 elementor-widget elementor-widget-image\" data-id=\"d0a2ce0\" data-element_type=\"widget\" data-e-type=\"widget\" data-widget_type=\"image.default\">\n\t\t\t\t\t\t\t\t\t\t\t\t\t\t\t<img decoding=\"async\" width=\"215\" height=\"215\" src=\"https:\/\/leroyaumedescuriosites.fr\/wp-content\/uploads\/2025\/09\/ba2bb6bbe6c7b730fe02446ca9ee20fa.png\" class=\"attachment-large size-large wp-image-685\" alt=\"\" srcset=\"https:\/\/leroyaumedescuriosites.fr\/wp-content\/uploads\/2025\/09\/ba2bb6bbe6c7b730fe02446ca9ee20fa.png 215w, https:\/\/leroyaumedescuriosites.fr\/wp-content\/uploads\/2025\/09\/ba2bb6bbe6c7b730fe02446ca9ee20fa-150x150.png 150w, https:\/\/leroyaumedescuriosites.fr\/wp-content\/uploads\/2025\/09\/ba2bb6bbe6c7b730fe02446ca9ee20fa-100x100.png 100w\" sizes=\"(max-width: 215px) 100vw, 215px\" \/>\t\t\t\t\t\t\t\t\t\t\t\t\t\t\t<\/div>\n\t\t\t\t\t<\/div>\n\t\t\t\t<\/div>\n\t\t<div class=\"elementor-element elementor-element-46afa4c e-flex e-con-boxed e-con e-parent\" data-id=\"46afa4c\" data-element_type=\"container\" data-e-type=\"container\">\n\t\t\t\t\t<div class=\"e-con-inner\">\n\t\t<div class=\"elementor-element elementor-element-2d873183 e-con-full e-flex e-con e-child\" data-id=\"2d873183\" data-element_type=\"container\" data-e-type=\"container\">\n\t\t\t\t<div class=\"elementor-element elementor-element-50fa79db elementor-nav-menu__align-start uce-cursor-enabled-yes elementor-nav-menu--dropdown-tablet elementor-nav-menu__text-align-aside elementor-widget elementor-widget-nav-menu\" data-id=\"50fa79db\" data-element_type=\"widget\" data-e-type=\"widget\" data-settings=\"{&quot;layout&quot;:&quot;vertical&quot;,&quot;submenu_icon&quot;:{&quot;value&quot;:&quot;&lt;i class=\\&quot;\\&quot;&gt;&lt;\\\/i&gt;&quot;,&quot;library&quot;:&quot;&quot;},&quot;ultimate_cursor_show&quot;:&quot;yes&quot;,&quot;ultimate_cursor_source&quot;:&quot;default&quot;,&quot;ultimate_cursor_style&quot;:&quot;ep-cursor-style-1&quot;,&quot;ultimate_cursor_speed&quot;:{&quot;unit&quot;:&quot;px&quot;,&quot;size&quot;:0.075,&quot;sizes&quot;:[]}}\" data-widget_type=\"nav-menu.default\">\n\t\t\t\t\t\t\t\t<nav aria-label=\"Menu\" class=\"elementor-nav-menu--main elementor-nav-menu__container elementor-nav-menu--layout-vertical e--pointer-double-line e--animation-none\">\n\t\t\t\t<ul id=\"menu-1-50fa79db\" class=\"elementor-nav-menu sm-vertical\"><li class=\"menu-item menu-item-type-post_type menu-item-object-page menu-item-746\"><a href=\"https:\/\/leroyaumedescuriosites.fr\/index.php\/mini-mondes\/\" class=\"elementor-item\">Mini-Mondes<\/a><\/li>\n<li class=\"menu-item menu-item-type-post_type menu-item-object-page menu-item-745\"><a href=\"https:\/\/leroyaumedescuriosites.fr\/index.php\/art-et-talismans\/\" class=\"elementor-item\">Art et Talismans<\/a><\/li>\n<li class=\"menu-item menu-item-type-post_type menu-item-object-page menu-item-1114\"><a href=\"https:\/\/leroyaumedescuriosites.fr\/index.php\/curiosites\/\" class=\"elementor-item\">Curiosit\u00e9s<\/a><\/li>\n<\/ul>\t\t\t<\/nav>\n\t\t\t\t\t\t<nav class=\"elementor-nav-menu--dropdown elementor-nav-menu__container\" aria-hidden=\"true\">\n\t\t\t\t<ul id=\"menu-2-50fa79db\" class=\"elementor-nav-menu sm-vertical\"><li class=\"menu-item menu-item-type-post_type menu-item-object-page menu-item-746\"><a href=\"https:\/\/leroyaumedescuriosites.fr\/index.php\/mini-mondes\/\" class=\"elementor-item\" tabindex=\"-1\">Mini-Mondes<\/a><\/li>\n<li class=\"menu-item menu-item-type-post_type menu-item-object-page menu-item-745\"><a href=\"https:\/\/leroyaumedescuriosites.fr\/index.php\/art-et-talismans\/\" class=\"elementor-item\" tabindex=\"-1\">Art et Talismans<\/a><\/li>\n<li class=\"menu-item menu-item-type-post_type menu-item-object-page menu-item-1114\"><a href=\"https:\/\/leroyaumedescuriosites.fr\/index.php\/curiosites\/\" class=\"elementor-item\" tabindex=\"-1\">Curiosit\u00e9s<\/a><\/li>\n<\/ul>\t\t\t<\/nav>\n\t\t\t\t\t\t<\/div>\n\t\t\t\t<\/div>\n\t\t<div class=\"elementor-element elementor-element-55dcd372 e-con-full e-grid e-con e-child\" data-id=\"55dcd372\" data-element_type=\"container\" data-e-type=\"container\">\n\t\t\t\t<div class=\"elementor-element elementor-element-6b9acb91 elementor-widget elementor-widget-text-editor\" data-id=\"6b9acb91\" data-element_type=\"widget\" data-e-type=\"widget\" data-widget_type=\"text-editor.default\">\n\t\t\t\t\t\t\t\t\t<p>Poussez la porte de notre Cabinet de Curiosit\u00e9s\u00a0: un espace d\u00e9di\u00e9 aux pi\u00e8ces les plus rares, les plus fascinantes, toutes empreintes d\u2019un charme ancien et d\u2019une po\u00e9sie artisanale.<br \/>Chaque cr\u00e9ation pr\u00e9sent\u00e9e ici est enti\u00e8rement r\u00e9alis\u00e9e \u00e0 la main, avec patience, passion et minutie. Elles ne sont disponibles qu\u2019en CLICK AND COLLECT dans notre boutique de Beaupr\u00e9au, situ\u00e9e au 17 rue Notre Dame. Un \u00e9crin secret o\u00f9 se rencontrent l\u2019atypique et le d\u00e9licat.<br \/><br \/>Exprimez votre singularit\u00e9. Soyez rare. Soyez vrai. Soyez vous.<\/p>\t\t\t\t\t\t\t\t<\/div>\n\t\t\t\t<div class=\"elementor-element elementor-element-6148e054 elementor-widget elementor-widget-image\" data-id=\"6148e054\" data-element_type=\"widget\" data-e-type=\"widget\" data-widget_type=\"image.default\">\n\t\t\t\t\t\t\t\t\t\t\t\t\t\t\t<img fetchpriority=\"high\" decoding=\"async\" width=\"300\" height=\"300\" src=\"https:\/\/leroyaumedescuriosites.fr\/wp-content\/uploads\/2025\/09\/Fichier-6-300x300.png\" class=\"attachment-medium size-medium wp-image-115\" alt=\"\" srcset=\"https:\/\/leroyaumedescuriosites.fr\/wp-content\/uploads\/2025\/09\/Fichier-6-300x300.png 300w, https:\/\/leroyaumedescuriosites.fr\/wp-content\/uploads\/2025\/09\/Fichier-6-100x100.png 100w, https:\/\/leroyaumedescuriosites.fr\/wp-content\/uploads\/2025\/09\/Fichier-6-600x600.png 600w, https:\/\/leroyaumedescuriosites.fr\/wp-content\/uploads\/2025\/09\/Fichier-6-150x150.png 150w, https:\/\/leroyaumedescuriosites.fr\/wp-content\/uploads\/2025\/09\/Fichier-6-768x768.png 768w, https:\/\/leroyaumedescuriosites.fr\/wp-content\/uploads\/2025\/09\/Fichier-6.png 903w\" sizes=\"(max-width: 300px) 100vw, 300px\" \/>\t\t\t\t\t\t\t\t\t\t\t\t\t\t\t<\/div>\n\t\t\t\t<\/div>\n\t\t\t\t\t<\/div>\n\t\t\t\t<\/div>\n\t\t<div class=\"elementor-element elementor-element-2d97c9e5 e-flex e-con-boxed e-con e-parent\" data-id=\"2d97c9e5\" data-element_type=\"container\" data-e-type=\"container\">\n\t\t\t\t\t<div class=\"e-con-inner\">\n\t\t<div class=\"elementor-element elementor-element-3f4bb660 e-con-full e-flex e-con e-child\" data-id=\"3f4bb660\" data-element_type=\"container\" data-e-type=\"container\">\n\t\t\t\t<\/div>\n\t\t<div class=\"elementor-element elementor-element-1bdfa1f1 e-con-full e-grid e-con e-child\" data-id=\"1bdfa1f1\" data-element_type=\"container\" data-e-type=\"container\">\n\t\t<div class=\"elementor-element elementor-element-3425a9d9 e-con-full e-flex e-con e-child\" data-id=\"3425a9d9\" data-element_type=\"container\" data-e-type=\"container\" data-settings=\"{&quot;background_background&quot;:&quot;classic&quot;}\">\n\t\t<div class=\"elementor-element elementor-element-436a5b34 e-con-full e-flex e-con e-child\" data-id=\"436a5b34\" data-element_type=\"container\" data-e-type=\"container\">\n\t\t\t\t<div class=\"elementor-element elementor-element-22c9464 elementor-widget elementor-widget-image\" data-id=\"22c9464\" data-element_type=\"widget\" data-e-type=\"widget\" data-widget_type=\"image.default\">\n\t\t\t\t\t\t\t\t\t\t\t\t\t\t\t<img decoding=\"async\" width=\"109\" height=\"109\" src=\"https:\/\/leroyaumedescuriosites.fr\/wp-content\/uploads\/2025\/09\/fleur_or.png\" class=\"attachment-large size-large wp-image-24\" alt=\"\" srcset=\"https:\/\/leroyaumedescuriosites.fr\/wp-content\/uploads\/2025\/09\/fleur_or.png 109w, https:\/\/leroyaumedescuriosites.fr\/wp-content\/uploads\/2025\/09\/fleur_or-100x100.png 100w\" sizes=\"(max-width: 109px) 100vw, 109px\" \/>\t\t\t\t\t\t\t\t\t\t\t\t\t\t\t<\/div>\n\t\t\t\t<\/div>\n\t\t<div class=\"elementor-element elementor-element-5f886e6e e-con-full e-flex e-con e-child\" data-id=\"5f886e6e\" data-element_type=\"container\" data-e-type=\"container\">\n\t\t<div class=\"elementor-element elementor-element-4c5de5ed e-con-full e-flex e-con e-child\" data-id=\"4c5de5ed\" data-element_type=\"container\" data-e-type=\"container\">\n\t\t<div class=\"elementor-element elementor-element-7c8ea188 e-con-full e-flex e-con e-child\" data-id=\"7c8ea188\" data-element_type=\"container\" data-e-type=\"container\" data-settings=\"{&quot;background_background&quot;:&quot;gradient&quot;}\">\n\t\t\t\t<div class=\"elementor-element elementor-element-661c1c85 elementor-widget elementor-widget-image\" data-id=\"661c1c85\" data-element_type=\"widget\" data-e-type=\"widget\" data-widget_type=\"image.default\">\n\t\t\t\t\t\t\t\t\t\t\t\t\t\t\t\t<a href=\"https:\/\/leroyaumedescuriosites.fr\/index.php\/product-category\/les-cloches-de-curiosites\/\">\n\t\t\t\t\t\t\t<img loading=\"lazy\" decoding=\"async\" width=\"339\" height=\"618\" src=\"https:\/\/leroyaumedescuriosites.fr\/wp-content\/uploads\/2025\/09\/Laboratory-Glass-Bell-Jar-with-Knob-Top-1.png\" class=\"attachment-large size-large wp-image-136\" alt=\"\" srcset=\"https:\/\/leroyaumedescuriosites.fr\/wp-content\/uploads\/2025\/09\/Laboratory-Glass-Bell-Jar-with-Knob-Top-1.png 339w, https:\/\/leroyaumedescuriosites.fr\/wp-content\/uploads\/2025\/09\/Laboratory-Glass-Bell-Jar-with-Knob-Top-1-165x300.png 165w\" sizes=\"(max-width: 339px) 100vw, 339px\" \/>\t\t\t\t\t\t\t\t<\/a>\n\t\t\t\t\t\t\t\t\t\t\t\t\t\t\t<\/div>\n\t\t\t\t<\/div>\n\t\t\t\t<div class=\"elementor-element elementor-element-14965605 elementor-widget elementor-widget-text-editor\" data-id=\"14965605\" data-element_type=\"widget\" data-e-type=\"widget\" data-widget_type=\"text-editor.default\">\n\t\t\t\t\t\t\t\t\t<p>Les Cloches de Curiosit\u00e9s<\/p>\t\t\t\t\t\t\t\t<\/div>\n\t\t\t\t<\/div>\n\t\t<div class=\"elementor-element elementor-element-77a42dc5 e-con-full e-flex e-con e-child\" data-id=\"77a42dc5\" data-element_type=\"container\" data-e-type=\"container\">\n\t\t<div class=\"elementor-element elementor-element-157b25a0 e-con-full e-grid e-con e-child\" data-id=\"157b25a0\" data-element_type=\"container\" data-e-type=\"container\" data-settings=\"{&quot;background_background&quot;:&quot;classic&quot;}\">\n\t\t\t\t<div class=\"elementor-element elementor-element-46bf9c36 elementor-widget elementor-widget-text-editor\" data-id=\"46bf9c36\" data-element_type=\"widget\" data-e-type=\"widget\" data-widget_type=\"text-editor.default\">\n\t\t\t\t\t\t\t\t\t<p>click &amp; collect<br \/>uniquement<\/p>\t\t\t\t\t\t\t\t<\/div>\n\t\t\t\t<div class=\"elementor-element elementor-element-9a412f9 elementor-widget elementor-widget-image\" data-id=\"9a412f9\" data-element_type=\"widget\" data-e-type=\"widget\" data-widget_type=\"image.default\">\n\t\t\t\t\t\t\t\t\t\t\t\t\t\t\t<img loading=\"lazy\" decoding=\"async\" width=\"800\" height=\"800\" src=\"https:\/\/leroyaumedescuriosites.fr\/wp-content\/uploads\/2025\/09\/Fichier-6.png\" class=\"attachment-large size-large wp-image-115\" alt=\"\" srcset=\"https:\/\/leroyaumedescuriosites.fr\/wp-content\/uploads\/2025\/09\/Fichier-6.png 903w, https:\/\/leroyaumedescuriosites.fr\/wp-content\/uploads\/2025\/09\/Fichier-6-300x300.png 300w, https:\/\/leroyaumedescuriosites.fr\/wp-content\/uploads\/2025\/09\/Fichier-6-100x100.png 100w, https:\/\/leroyaumedescuriosites.fr\/wp-content\/uploads\/2025\/09\/Fichier-6-600x600.png 600w, https:\/\/leroyaumedescuriosites.fr\/wp-content\/uploads\/2025\/09\/Fichier-6-150x150.png 150w, https:\/\/leroyaumedescuriosites.fr\/wp-content\/uploads\/2025\/09\/Fichier-6-768x768.png 768w\" sizes=\"(max-width: 800px) 100vw, 800px\" \/>\t\t\t\t\t\t\t\t\t\t\t\t\t\t\t<\/div>\n\t\t\t\t<div class=\"elementor-element elementor-element-4a8f2182 elementor-widget elementor-widget-image\" data-id=\"4a8f2182\" data-element_type=\"widget\" data-e-type=\"widget\" data-widget_type=\"image.default\">\n\t\t\t\t\t\t\t\t\t\t\t\t\t\t\t<img loading=\"lazy\" decoding=\"async\" width=\"676\" height=\"676\" src=\"https:\/\/leroyaumedescuriosites.fr\/wp-content\/uploads\/2025\/09\/Fichier-5.png\" class=\"attachment-large size-large wp-image-114\" alt=\"\" srcset=\"https:\/\/leroyaumedescuriosites.fr\/wp-content\/uploads\/2025\/09\/Fichier-5.png 676w, https:\/\/leroyaumedescuriosites.fr\/wp-content\/uploads\/2025\/09\/Fichier-5-300x300.png 300w, https:\/\/leroyaumedescuriosites.fr\/wp-content\/uploads\/2025\/09\/Fichier-5-100x100.png 100w, https:\/\/leroyaumedescuriosites.fr\/wp-content\/uploads\/2025\/09\/Fichier-5-600x600.png 600w, https:\/\/leroyaumedescuriosites.fr\/wp-content\/uploads\/2025\/09\/Fichier-5-150x150.png 150w\" sizes=\"(max-width: 676px) 100vw, 676px\" \/>\t\t\t\t\t\t\t\t\t\t\t\t\t\t\t<\/div>\n\t\t\t\t<\/div>\n\t\t<div class=\"elementor-element elementor-element-c14007b e-con-full e-flex e-con e-child\" data-id=\"c14007b\" data-element_type=\"container\" data-e-type=\"container\" data-settings=\"{&quot;background_background&quot;:&quot;gradient&quot;}\">\n\t\t\t\t<div class=\"elementor-element elementor-element-193be0a5 elementor-widget elementor-widget-image\" data-id=\"193be0a5\" data-element_type=\"widget\" data-e-type=\"widget\" data-widget_type=\"image.default\">\n\t\t\t\t\t\t\t\t\t\t\t\t\t\t\t\t<a href=\"https:\/\/leroyaumedescuriosites.fr\/index.php\/product-category\/les-bougies-dans-les-tasses-anciennes\/\">\n\t\t\t\t\t\t\t<img loading=\"lazy\" decoding=\"async\" width=\"287\" height=\"287\" src=\"https:\/\/leroyaumedescuriosites.fr\/wp-content\/uploads\/2025\/09\/bougie-1.png\" class=\"attachment-large size-large wp-image-143\" alt=\"\" srcset=\"https:\/\/leroyaumedescuriosites.fr\/wp-content\/uploads\/2025\/09\/bougie-1.png 287w, https:\/\/leroyaumedescuriosites.fr\/wp-content\/uploads\/2025\/09\/bougie-1-100x100.png 100w, https:\/\/leroyaumedescuriosites.fr\/wp-content\/uploads\/2025\/09\/bougie-1-150x150.png 150w\" sizes=\"(max-width: 287px) 100vw, 287px\" \/>\t\t\t\t\t\t\t\t<\/a>\n\t\t\t\t\t\t\t\t\t\t\t\t\t\t\t<\/div>\n\t\t\t\t<\/div>\n\t\t\t\t<div class=\"elementor-element elementor-element-46f1ad7f elementor-widget elementor-widget-text-editor\" data-id=\"46f1ad7f\" data-element_type=\"widget\" data-e-type=\"widget\" data-widget_type=\"text-editor.default\">\n\t\t\t\t\t\t\t\t\t<p>Les Bougies dans des Tasses Anciennes<\/p>\t\t\t\t\t\t\t\t<\/div>\n\t\t\t\t<\/div>\n\t\t\t\t<\/div>\n\t\t\t\t<\/div>\n\t\t<div class=\"elementor-element elementor-element-5bff95b e-con-full e-flex e-con e-child\" data-id=\"5bff95b\" data-element_type=\"container\" data-e-type=\"container\">\n\t\t\t\t<div class=\"elementor-element elementor-element-240b4dfc elementor-widget elementor-widget-text-editor\" data-id=\"240b4dfc\" data-element_type=\"widget\" data-e-type=\"widget\" data-widget_type=\"text-editor.default\">\n\t\t\t\t\t\t\t\t\t<p>\u00ab\u00a0Il n\u2019est point d\u2019art plus noble que d\u2019\u00eatre pleinement soi, contre les courants et les temps.\u00a0\u00bb<\/p><p><span style=\"font-family: arial, helvetica, sans-serif;\">Sagesse du Royaume<\/span><\/p>\t\t\t\t\t\t\t\t<\/div>\n\t\t\t\t<\/div>\n\t\t\t\t<\/div>\n\t\t\t\t\t<\/div>\n\t\t\t\t<\/div>\n\t\t\t\t<\/div>\n\t\t","protected":false},"excerpt":{"rendered":"<p>Art et talismans Tr\u00e9sors singuliers \u00e0 d\u00e9couvrir Poussez la porte de notre Cabinet de Curiosit\u00e9s\u00a0: un espace d\u00e9di\u00e9 aux pi\u00e8ces les plus rares, les plus fascinantes, toutes empreintes d\u2019un charme ancien et d\u2019une po\u00e9sie artisanale.Chaque cr\u00e9ation pr\u00e9sent\u00e9e ici est enti\u00e8rement r\u00e9alis\u00e9e \u00e0 la main, avec patience, passion et minutie. Elles ne sont disponibles qu\u2019en CLICK [&hellip;]<\/p>\n","protected":false},"author":1,"featured_media":0,"parent":0,"menu_order":0,"comment_status":"closed","ping_status":"closed","template":"","meta":{"footnotes":""},"class_list":["post-38","page","type-page","status-publish","hentry"],"_links":{"self":[{"href":"https:\/\/leroyaumedescuriosites.fr\/index.php\/wp-json\/wp\/v2\/pages\/38","targetHints":{"allow":["GET"]}}],"collection":[{"href":"https:\/\/leroyaumedescuriosites.fr\/index.php\/wp-json\/wp\/v2\/pages"}],"about":[{"href":"https:\/\/leroyaumedescuriosites.fr\/index.php\/wp-json\/wp\/v2\/types\/page"}],"author":[{"embeddable":true,"href":"https:\/\/leroyaumedescuriosites.fr\/index.php\/wp-json\/wp\/v2\/users\/1"}],"replies":[{"embeddable":true,"href":"https:\/\/leroyaumedescuriosites.fr\/index.php\/wp-json\/wp\/v2\/comments?post=38"}],"version-history":[{"count":26,"href":"https:\/\/leroyaumedescuriosites.fr\/index.php\/wp-json\/wp\/v2\/pages\/38\/revisions"}],"predecessor-version":[{"id":1131,"href":"https:\/\/leroyaumedescuriosites.fr\/index.php\/wp-json\/wp\/v2\/pages\/38\/revisions\/1131"}],"wp:attachment":[{"href":"https:\/\/leroyaumedescuriosites.fr\/index.php\/wp-json\/wp\/v2\/media?parent=38"}],"curies":[{"name":"wp","href":"https:\/\/api.w.org\/{rel}","templated":true}]}}